{"id":4027,"date":"2022-04-21T23:18:32","date_gmt":"2022-04-22T03:18:32","guid":{"rendered":"https:\/\/lelitdoli.com\/welkom\/"},"modified":"2024-04-03T11:22:00","modified_gmt":"2024-04-03T15:22:00","slug":"welkom","status":"publish","type":"page","link":"https:\/\/lelitdoli.com\/nl\/","title":{"rendered":"Welkom"},"content":{"rendered":"\n<div style=\"height:50px\" aria-hidden=\"true\" class=\"wp-block-spacer\"><\/div>\n\n<div class=\"wp-block-columns alignwide is-layout-flex wp-container-core-columns-is-layout-9d6595d7 wp-block-columns-is-layout-flex\">\n<div class=\"wp-block-column has-text-color has-background has-link-color wp-elements-eca9d52abb0dab9c88285bfcf3524257 is-layout-flow wp-block-column-is-layout-flow\" style=\"color:#000000;background-color:#ffe97d;padding-top:2em;padding-right:2em;padding-bottom:2em;padding-left:2em\">\n<h2 class=\"wp-block-heading\" id=\"single\" style=\"font-size:40px\"><strong>Laagseizoen<\/strong><\/h2>\n\n\n\n<hr class=\"wp-block-separator has-text-color has-css-opacity has-background is-style-wide\" style=\"background-color:#000000;color:#000000\"\/>\n\n\n\n<p>van 1 mei tot 14 december<\/p>\n\n\n\n<div class=\"wp-block-buttons alignfull is-horizontal is-content-justification-center is-layout-flex wp-container-core-buttons-is-layout-499968f5 wp-block-buttons-is-layout-flex\">\n<div class=\"wp-block-button has-custom-width wp-block-button__width-100\"><a class=\"wp-block-button__link has-white-color has-text-color has-background no-border-radius wp-element-button\" href=\"https:\/\/lelitdoli.com\/nl\/reservering\/\" style=\"background-color:#000000\">25 \u20ac\/nacht<\/a><\/div>\n<\/div>\n<\/div>\n\n\n\n<div class=\"wp-block-column has-text-color has-background has-link-color wp-elements-e4346329ddcdb39a6557d8be3e90f9be is-layout-flow wp-block-column-is-layout-flow\" style=\"color:#000000;background-color:#c0ebf1;padding-top:2em;padding-right:2em;padding-bottom:2em;padding-left:2em\">\n<h2 class=\"wp-block-heading\" id=\"patron\" style=\"font-size:40px\"><strong>Hoogseizoen<\/strong><\/h2>\n\n\n\n<hr class=\"wp-block-separator has-css-opacity is-style-wide\"\/>\n\n\n\n<p>van 15 december tot 30 april<\/p>\n\n\n\n<div class=\"wp-block-buttons alignfull is-horizontal is-content-justification-center is-layout-flex wp-container-core-buttons-is-layout-499968f5 wp-block-buttons-is-layout-flex\">\n<div class=\"wp-block-button has-custom-width wp-block-button__width-100\"><a class=\"wp-block-button__link has-white-color has-text-color has-background no-border-radius wp-element-button\" href=\"https:\/\/lelitdoli.com\/nl\/reservering\/\" style=\"background-color:#000000\">30 \u20ac\/nacht<\/a><\/div>\n<\/div>\n<\/div>\n<\/div>\n\n<div style=\"height:50px\" aria-hidden=\"true\" class=\"wp-block-spacer\"><\/div>\n\n<div class=\"wp-block-columns is-layout-flex wp-container-core-columns-is-layout-9d6595d7 wp-block-columns-is-layout-flex\">\n<div class=\"wp-block-column is-layout-flow wp-block-column-is-layout-flow\" style=\"flex-basis:100%\">\n<div class=\"wp-block-columns is-layout-flex wp-container-core-columns-is-layout-9d6595d7 wp-block-columns-is-layout-flex\">\n<div class=\"wp-block-column is-layout-flow wp-block-column-is-layout-flow\">\n<p>Logeerkamer voor een of twee personen in Nogent (Sainte-Rose, Guadeloupe), met uitzicht op de Caribische Zee.<\/p>\n\n\n\n<p>Een gezellige kamer, voorzien van een tweepersoonsbed met klamboe, een bureau, een kledingkast, en een hoekterras met een bank, een salontafel en een hangmat.<\/p>\n\n\n\n<p>De badkamer, keuken en eethoek zijn gemeenschappelijk.<\/p>\n\n\n\n<p>Gemakkelijke toegang tot de zee en basiswinkels op 400m (supermarkt, fruit en groenten, apotheek, tabak pers&#8230;)<\/p>\n\n\n\n<div class=\"wp-block-buttons alignfull is-horizontal is-content-justification-center is-layout-flex wp-container-core-buttons-is-layout-499968f5 wp-block-buttons-is-layout-flex\">\n<div class=\"wp-block-button has-custom-width wp-block-button__width-100\"><a class=\"wp-block-button__link has-white-color has-text-color has-background wp-element-button\" href=\"#hbook-booking-form-1\" style=\"border-radius:0px;background-color:#007979\">Boek <i class=\"fas fa-chevron-up\"><\/i><\/a><\/div>\n<\/div>\n<\/div>\n\n\n\n<div class=\"wp-block-column is-layout-flow wp-block-column-is-layout-flow\">\n<figure class=\"wp-block-image size-large\"><img loading=\"lazy\" decoding=\"async\" width=\"1024\" height=\"681\" src=\"https:\/\/lelitdoli.com\/wp-content\/uploads\/2019\/01\/details-chats-DSC_5046-large-1024x681.jpg\" alt=\"\" class=\"wp-image-507\" title=\"\" srcset=\"https:\/\/lelitdoli.com\/wp-content\/uploads\/2019\/01\/details-chats-DSC_5046-large-1024x681.jpg 1024w, https:\/\/lelitdoli.com\/wp-content\/uploads\/2019\/01\/details-chats-DSC_5046-large-600x399.jpg 600w, https:\/\/lelitdoli.com\/wp-content\/uploads\/2019\/01\/details-chats-DSC_5046-large-300x200.jpg 300w, https:\/\/lelitdoli.com\/wp-content\/uploads\/2019\/01\/details-chats-DSC_5046-large-768x511.jpg 768w, https:\/\/lelitdoli.com\/wp-content\/uploads\/2019\/01\/details-chats-DSC_5046-large-892x594.jpg 892w, https:\/\/lelitdoli.com\/wp-content\/uploads\/2019\/01\/details-chats-DSC_5046-large-150x100.jpg 150w\" sizes=\"auto, (max-width: 1024px) 100vw, 1024px\" \/><figcaption class=\"wp-element-caption\"><strong>Er zijn meerdere katten in het huis. <strong>Allergische mensen: afblijven!<\/strong><\/strong><\/figcaption><\/figure>\n<\/div>\n\n\n\n<div class=\"wp-block-column is-layout-flow wp-block-column-is-layout-flow\">\n<div class=\"wp-block-contact-form-7-contact-form-selector\">\n<div class=\"wpcf7 no-js\" id=\"wpcf7-f4137-o1\" lang=\"nl-NL\" dir=\"ltr\" data-wpcf7-id=\"4137\">\n<div class=\"screen-reader-response\"><p role=\"status\" aria-live=\"polite\" aria-atomic=\"true\"><\/p> <ul><\/ul><\/div>\n<form action=\"\/nl\/wp-json\/wp\/v2\/pages\/4027#wpcf7-f4137-o1\" method=\"post\" class=\"wpcf7-form init\" aria-label=\"Contactformulier\" novalidate=\"novalidate\" data-status=\"init\">\n<fieldset class=\"hidden-fields-container\"><input type=\"hidden\" name=\"_wpcf7\" value=\"4137\" \/><input type=\"hidden\" name=\"_wpcf7_version\" value=\"6.1.5\" \/><input type=\"hidden\" name=\"_wpcf7_locale\" value=\"nl_NL\" \/><input type=\"hidden\" name=\"_wpcf7_unit_tag\" value=\"wpcf7-f4137-o1\" \/><input type=\"hidden\" name=\"_wpcf7_container_post\" value=\"0\" \/><input type=\"hidden\" name=\"_wpcf7_posted_data_hash\" value=\"\" \/>\n<\/fieldset>\n<div class=\"et_pb_contact\">\n\t<p><label><span class=\"wpcf7-form-control-wrap\" data-name=\"your-name\"><input size=\"40\" maxlength=\"400\" class=\"wpcf7-form-control wpcf7-text wpcf7-validates-as-required\" aria-required=\"true\" aria-invalid=\"false\" placeholder=\"Votre nom\" value=\"\" type=\"text\" name=\"your-name\" \/><\/span><\/label>\n\t<\/p>\n\t<p><label><span class=\"wpcf7-form-control-wrap\" data-name=\"your-email\"><input size=\"40\" maxlength=\"400\" class=\"wpcf7-form-control wpcf7-email wpcf7-validates-as-required wpcf7-text wpcf7-validates-as-email\" aria-required=\"true\" aria-invalid=\"false\" placeholder=\"Votre adresse e-mail\" value=\"\" type=\"email\" name=\"your-email\" \/><\/span><\/label>\n\t<\/p>\n\t<p><label><span class=\"wpcf7-form-control-wrap\" data-name=\"telephone\"><input size=\"40\" maxlength=\"400\" class=\"wpcf7-form-control wpcf7-tel wpcf7-text wpcf7-validates-as-tel\" aria-invalid=\"false\" placeholder=\"Num\u00e9ro de t\u00e9l\u00e9phone (facultatif)\" value=\"\" type=\"tel\" name=\"telephone\" \/><\/span><\/label>\n\t<\/p>\n\t<p><label><span class=\"wpcf7-form-control-wrap\" data-name=\"your-message\"><textarea cols=\"40\" rows=\"10\" maxlength=\"2000\" class=\"wpcf7-form-control wpcf7-textarea wpcf7-validates-as-required\" aria-required=\"true\" aria-invalid=\"false\" placeholder=\"Votre message\" name=\"your-message\"><\/textarea><\/span> <\/label>\n\t<\/p>\n\t<p><input class=\"wpcf7-form-control wpcf7-submit has-spinner\" type=\"submit\" value=\"Verzenden\" \/>\n\t<\/p>\n<\/div><p style=\"display: none !important;\" class=\"akismet-fields-container\" data-prefix=\"_wpcf7_ak_\"><label>&#916;<textarea name=\"_wpcf7_ak_hp_textarea\" cols=\"45\" rows=\"8\" maxlength=\"100\"><\/textarea><\/label><input type=\"hidden\" id=\"ak_js_1\" name=\"_wpcf7_ak_js\" value=\"182\"\/><script>document.getElementById( \"ak_js_1\" ).setAttribute( \"value\", ( new Date() ).getTime() );<\/script><\/p><div class=\"wpcf7-response-output\" aria-hidden=\"true\"><\/div>\n<\/form>\n<\/div>\n<\/div>\n<\/div>\n<\/div>\n<\/div>\n<\/div>\n\n<figure class=\"wp-block-gallery alignfull has-nested-images columns-default is-cropped wp-block-gallery-1 is-layout-flex wp-block-gallery-is-layout-flex\">\n<figure class=\"wp-block-image size-large\"><img loading=\"lazy\" decoding=\"async\" width=\"2000\" height=\"1330\" data-id=\"12\" src=\"https:\/\/lelitdoli.com\/wp-content\/uploads\/2019\/01\/DSC_7395.jpg\" alt=\"\" class=\"wp-image-12\" title=\"\" srcset=\"https:\/\/lelitdoli.com\/wp-content\/uploads\/2019\/01\/DSC_7395.jpg 2000w, https:\/\/lelitdoli.com\/wp-content\/uploads\/2019\/01\/DSC_7395-600x399.jpg 600w, https:\/\/lelitdoli.com\/wp-content\/uploads\/2019\/01\/DSC_7395-300x200.jpg 300w, https:\/\/lelitdoli.com\/wp-content\/uploads\/2019\/01\/DSC_7395-768x511.jpg 768w, https:\/\/lelitdoli.com\/wp-content\/uploads\/2019\/01\/DSC_7395-1024x681.jpg 1024w, https:\/\/lelitdoli.com\/wp-content\/uploads\/2019\/01\/DSC_7395-1568x1043.jpg 1568w\" sizes=\"auto, (max-width: 2000px) 100vw, 2000px\" \/><figcaption class=\"wp-element-caption\">Slaapkamer met tweepersoonsbed, bureau en kledingkast<\/figcaption><\/figure>\n\n\n\n<figure class=\"wp-block-image size-large\"><img loading=\"lazy\" decoding=\"async\" width=\"2000\" height=\"1330\" data-id=\"13\" src=\"https:\/\/lelitdoli.com\/wp-content\/uploads\/2019\/01\/DSC_7396.jpg\" alt=\"gastenkamer voor 2 personen\" class=\"wp-image-13\" title=\"\" srcset=\"https:\/\/lelitdoli.com\/wp-content\/uploads\/2019\/01\/DSC_7396.jpg 2000w, https:\/\/lelitdoli.com\/wp-content\/uploads\/2019\/01\/DSC_7396-600x399.jpg 600w, https:\/\/lelitdoli.com\/wp-content\/uploads\/2019\/01\/DSC_7396-300x200.jpg 300w, https:\/\/lelitdoli.com\/wp-content\/uploads\/2019\/01\/DSC_7396-768x511.jpg 768w, https:\/\/lelitdoli.com\/wp-content\/uploads\/2019\/01\/DSC_7396-1024x681.jpg 1024w, https:\/\/lelitdoli.com\/wp-content\/uploads\/2019\/01\/DSC_7396-1568x1043.jpg 1568w\" sizes=\"auto, (max-width: 2000px) 100vw, 2000px\" \/><figcaption class=\"wp-element-caption\">Queensize bed (190&#215;140) met klamboe<\/figcaption><\/figure>\n\n\n\n<figure class=\"wp-block-image size-large\"><img loading=\"lazy\" decoding=\"async\" width=\"2000\" height=\"1330\" data-id=\"11\" src=\"https:\/\/lelitdoli.com\/wp-content\/uploads\/2019\/01\/DSC_7392.jpg\" alt=\"\" class=\"wp-image-11\" title=\"\" srcset=\"https:\/\/lelitdoli.com\/wp-content\/uploads\/2019\/01\/DSC_7392.jpg 2000w, https:\/\/lelitdoli.com\/wp-content\/uploads\/2019\/01\/DSC_7392-600x399.jpg 600w, https:\/\/lelitdoli.com\/wp-content\/uploads\/2019\/01\/DSC_7392-300x200.jpg 300w, https:\/\/lelitdoli.com\/wp-content\/uploads\/2019\/01\/DSC_7392-768x511.jpg 768w, https:\/\/lelitdoli.com\/wp-content\/uploads\/2019\/01\/DSC_7392-1024x681.jpg 1024w, https:\/\/lelitdoli.com\/wp-content\/uploads\/2019\/01\/DSC_7392-1568x1043.jpg 1568w\" sizes=\"auto, (max-width: 2000px) 100vw, 2000px\" \/><figcaption class=\"wp-element-caption\">Directe toegang tot het terras<\/figcaption><\/figure>\n\n\n\n<figure class=\"wp-block-image size-large\"><img loading=\"lazy\" decoding=\"async\" width=\"1200\" height=\"798\" data-id=\"19\" src=\"https:\/\/lelitdoli.com\/wp-content\/uploads\/2019\/01\/DSC_7375.jpg\" alt=\"Terras, hangmat, ingang gastenkamer\" class=\"wp-image-19\" title=\"\" srcset=\"https:\/\/lelitdoli.com\/wp-content\/uploads\/2019\/01\/DSC_7375.jpg 1200w, https:\/\/lelitdoli.com\/wp-content\/uploads\/2019\/01\/DSC_7375-600x399.jpg 600w, https:\/\/lelitdoli.com\/wp-content\/uploads\/2019\/01\/DSC_7375-300x200.jpg 300w, https:\/\/lelitdoli.com\/wp-content\/uploads\/2019\/01\/DSC_7375-768x511.jpg 768w, https:\/\/lelitdoli.com\/wp-content\/uploads\/2019\/01\/DSC_7375-1024x681.jpg 1024w\" sizes=\"auto, (max-width: 1200px) 100vw, 1200px\" \/><figcaption class=\"wp-element-caption\">Eettafel op het terras, gedeeld<\/figcaption><\/figure>\n\n\n\n<figure class=\"wp-block-image size-large\"><img loading=\"lazy\" decoding=\"async\" width=\"1200\" height=\"798\" data-id=\"20\" src=\"https:\/\/lelitdoli.com\/wp-content\/uploads\/2019\/01\/DSC_7379.jpg\" alt=\"\" class=\"wp-image-20\" title=\"\" srcset=\"https:\/\/lelitdoli.com\/wp-content\/uploads\/2019\/01\/DSC_7379.jpg 1200w, https:\/\/lelitdoli.com\/wp-content\/uploads\/2019\/01\/DSC_7379-600x399.jpg 600w, https:\/\/lelitdoli.com\/wp-content\/uploads\/2019\/01\/DSC_7379-300x200.jpg 300w, https:\/\/lelitdoli.com\/wp-content\/uploads\/2019\/01\/DSC_7379-768x511.jpg 768w, https:\/\/lelitdoli.com\/wp-content\/uploads\/2019\/01\/DSC_7379-1024x681.jpg 1024w\" sizes=\"auto, (max-width: 1200px) 100vw, 1200px\" \/><figcaption class=\"wp-element-caption\">Priv\u00e9terras met bank, koffietafel en hangmat<\/figcaption><\/figure>\n\n\n\n<figure class=\"wp-block-image size-large\"><img loading=\"lazy\" decoding=\"async\" width=\"1200\" height=\"798\" data-id=\"25\" src=\"https:\/\/lelitdoli.com\/wp-content\/uploads\/2019\/01\/DSC_7391.jpg\" alt=\"\" class=\"wp-image-25\" title=\"\" srcset=\"https:\/\/lelitdoli.com\/wp-content\/uploads\/2019\/01\/DSC_7391.jpg 1200w, https:\/\/lelitdoli.com\/wp-content\/uploads\/2019\/01\/DSC_7391-600x399.jpg 600w, https:\/\/lelitdoli.com\/wp-content\/uploads\/2019\/01\/DSC_7391-300x200.jpg 300w, https:\/\/lelitdoli.com\/wp-content\/uploads\/2019\/01\/DSC_7391-768x511.jpg 768w, https:\/\/lelitdoli.com\/wp-content\/uploads\/2019\/01\/DSC_7391-1024x681.jpg 1024w\" sizes=\"auto, (max-width: 1200px) 100vw, 1200px\" \/><figcaption class=\"wp-element-caption\">Gedeelde badkamer, grote douche<\/figcaption><\/figure>\n\n\n\n<figure class=\"wp-block-image size-large\"><img loading=\"lazy\" decoding=\"async\" width=\"1200\" height=\"798\" data-id=\"24\" src=\"https:\/\/lelitdoli.com\/wp-content\/uploads\/2019\/01\/DSC_7389.jpg\" alt=\"\" class=\"wp-image-24\" title=\"\" srcset=\"https:\/\/lelitdoli.com\/wp-content\/uploads\/2019\/01\/DSC_7389.jpg 1200w, https:\/\/lelitdoli.com\/wp-content\/uploads\/2019\/01\/DSC_7389-600x399.jpg 600w, https:\/\/lelitdoli.com\/wp-content\/uploads\/2019\/01\/DSC_7389-300x200.jpg 300w, https:\/\/lelitdoli.com\/wp-content\/uploads\/2019\/01\/DSC_7389-768x511.jpg 768w, https:\/\/lelitdoli.com\/wp-content\/uploads\/2019\/01\/DSC_7389-1024x681.jpg 1024w\" sizes=\"auto, (max-width: 1200px) 100vw, 1200px\" \/><figcaption class=\"wp-element-caption\">Gedeelde badkamer: wastafel en bidet<\/figcaption><\/figure>\n\n\n\n<figure class=\"wp-block-image size-large\"><img loading=\"lazy\" decoding=\"async\" width=\"1200\" height=\"798\" data-id=\"16\" src=\"https:\/\/lelitdoli.com\/wp-content\/uploads\/2019\/01\/DSC_7367.jpg\" alt=\"keuken - Oli&#039;s bed\" class=\"wp-image-16\" title=\"\" srcset=\"https:\/\/lelitdoli.com\/wp-content\/uploads\/2019\/01\/DSC_7367.jpg 1200w, https:\/\/lelitdoli.com\/wp-content\/uploads\/2019\/01\/DSC_7367-600x399.jpg 600w, https:\/\/lelitdoli.com\/wp-content\/uploads\/2019\/01\/DSC_7367-300x200.jpg 300w, https:\/\/lelitdoli.com\/wp-content\/uploads\/2019\/01\/DSC_7367-768x511.jpg 768w, https:\/\/lelitdoli.com\/wp-content\/uploads\/2019\/01\/DSC_7367-1024x681.jpg 1024w\" sizes=\"auto, (max-width: 1200px) 100vw, 1200px\" \/><figcaption class=\"wp-element-caption\">Gedeelde volledig uitgeruste keuken<\/figcaption><\/figure>\n\n\n\n<figure class=\"wp-block-image size-large\"><img loading=\"lazy\" decoding=\"async\" width=\"1200\" height=\"798\" data-id=\"23\" src=\"https:\/\/lelitdoli.com\/wp-content\/uploads\/2019\/01\/DSC_7385.jpg\" alt=\"\" class=\"wp-image-23\" title=\"\" srcset=\"https:\/\/lelitdoli.com\/wp-content\/uploads\/2019\/01\/DSC_7385.jpg 1200w, https:\/\/lelitdoli.com\/wp-content\/uploads\/2019\/01\/DSC_7385-600x399.jpg 600w, https:\/\/lelitdoli.com\/wp-content\/uploads\/2019\/01\/DSC_7385-300x200.jpg 300w, https:\/\/lelitdoli.com\/wp-content\/uploads\/2019\/01\/DSC_7385-768x511.jpg 768w, https:\/\/lelitdoli.com\/wp-content\/uploads\/2019\/01\/DSC_7385-1024x681.jpg 1024w\" sizes=\"auto, (max-width: 1200px) 100vw, 1200px\" \/><figcaption class=\"wp-element-caption\">Hangmat beschikbaar<\/figcaption><\/figure>\n<\/figure>\n\n<div style=\"height:50px\" aria-hidden=\"true\" class=\"wp-block-spacer\"><\/div>\n\n<hr class=\"wp-block-separator has-text-color has-vivid-green-cyan-color has-alpha-channel-opacity has-vivid-green-cyan-background-color has-background is-style-wide\"\/>\n\n<div style=\"height:50px\" aria-hidden=\"true\" class=\"wp-block-spacer\"><\/div>\n<ul class=\"wp-block-latest-posts__list has-dates wp-block-latest-posts\"><li><a class=\"wp-block-latest-posts__post-title\" href=\"https:\/\/lelitdoli.com\/nl\/geen-onderdeel-van-een-categorie\/het-seizoen-is-geopend\/\">Het seizoen 2021 began<\/a><time datetime=\"2021-01-10T14:16:13-04:00\" class=\"wp-block-latest-posts__post-date\">10 januari 2021<\/time><div class=\"wp-block-latest-posts__post-excerpt\">OK, het is bijna een maand geleden, maar ik ben blij om weer vakantiegangers te zien na deze lange periode van isolement.<\/div><\/li>\n<li><div class=\"wp-block-latest-posts__featured-image alignright\"><img loading=\"lazy\" decoding=\"async\" width=\"300\" height=\"157\" src=\"https:\/\/lelitdoli.com\/wp-content\/uploads\/2021\/01\/on-na-pas-des-metiers-faciles-277-1-300x157.jpg\" class=\"attachment-medium size-medium wp-post-image\" alt=\"\" style=\"\" srcset=\"https:\/\/lelitdoli.com\/wp-content\/uploads\/2021\/01\/on-na-pas-des-metiers-faciles-277-1-300x157.jpg 300w, https:\/\/lelitdoli.com\/wp-content\/uploads\/2021\/01\/on-na-pas-des-metiers-faciles-277-1-600x315.jpg 600w, https:\/\/lelitdoli.com\/wp-content\/uploads\/2021\/01\/on-na-pas-des-metiers-faciles-277-1-1024x537.jpg 1024w, https:\/\/lelitdoli.com\/wp-content\/uploads\/2021\/01\/on-na-pas-des-metiers-faciles-277-1-768x403.jpg 768w, https:\/\/lelitdoli.com\/wp-content\/uploads\/2021\/01\/on-na-pas-des-metiers-faciles-277-1.jpg 1200w\" sizes=\"auto, (max-width: 300px) 100vw, 300px\" title=\"\"><\/div><a class=\"wp-block-latest-posts__post-title\" href=\"https:\/\/lelitdoli.com\/nl\/geen-onderdeel-van-een-categorie\/gelukkig-nieuwjaar-in-de-tropen\/\">Gelukkig Nieuwjaar in de tropen<\/a><time datetime=\"2021-01-10T12:18:01-04:00\" class=\"wp-block-latest-posts__post-date\">10 januari 2021<\/time><div class=\"wp-block-latest-posts__post-excerpt\">Het seizoen is begonnen en de vakantiegangers komen en gaan. Wij nemen natuurlijk een paar voorzorgsmaatregelen en zijn iets voorzichtiger dan vroeger, maar altijd vol goede moed zodat u optimaal van uw welverdiende vakantie kunt genieten.<\/div><\/li>\n<\/ul>","protected":false},"excerpt":{"rendered":"<p>Laagseizoen van 1 mei tot 14 december Hoogseizoen van 15 december tot 30 april Logeerkamer voor een of twee personen in Nogent (Sainte-Rose, Guadeloupe), met uitzicht op de Caribische Zee. Een gezellige kamer, voorzien van een tweepersoonsbed met klamboe, een bureau, een kledingkast, en een hoekterras met een bank, een salontafel en een hangmat. De <a href=\"https:\/\/lelitdoli.com\/nl\/\" class=\"read-more below\">READ MORE<\/a><\/p>\n","protected":false},"author":1,"featured_media":3914,"parent":0,"menu_order":0,"comment_status":"closed","ping_status":"closed","template":"template-full-width.php","meta":{"footnotes":""},"class_list":["post-4027","page","type-page","status-publish","has-post-thumbnail","hentry"],"_links":{"self":[{"href":"https:\/\/lelitdoli.com\/nl\/wp-json\/wp\/v2\/pages\/4027","targetHints":{"allow":["GET"]}}],"collection":[{"href":"https:\/\/lelitdoli.com\/nl\/wp-json\/wp\/v2\/pages"}],"about":[{"href":"https:\/\/lelitdoli.com\/nl\/wp-json\/wp\/v2\/types\/page"}],"author":[{"embeddable":true,"href":"https:\/\/lelitdoli.com\/nl\/wp-json\/wp\/v2\/users\/1"}],"replies":[{"embeddable":true,"href":"https:\/\/lelitdoli.com\/nl\/wp-json\/wp\/v2\/comments?post=4027"}],"version-history":[{"count":4,"href":"https:\/\/lelitdoli.com\/nl\/wp-json\/wp\/v2\/pages\/4027\/revisions"}],"predecessor-version":[{"id":4228,"href":"https:\/\/lelitdoli.com\/nl\/wp-json\/wp\/v2\/pages\/4027\/revisions\/4228"}],"wp:featuredmedia":[{"embeddable":true,"href":"https:\/\/lelitdoli.com\/nl\/wp-json\/wp\/v2\/media\/3914"}],"wp:attachment":[{"href":"https:\/\/lelitdoli.com\/nl\/wp-json\/wp\/v2\/media?parent=4027"}],"curies":[{"name":"wp","href":"https:\/\/api.w.org\/{rel}","templated":true}]}}