{"id":4026,"date":"2022-04-21T23:18:32","date_gmt":"2022-04-22T03:18:32","guid":{"rendered":"https:\/\/lelitdoli.com\/welcome\/"},"modified":"2024-04-03T11:21:19","modified_gmt":"2024-04-03T15:21:19","slug":"welcome","status":"publish","type":"page","link":"https:\/\/lelitdoli.com\/en\/","title":{"rendered":"Welcome"},"content":{"rendered":"\n<div style=\"height:50px\" aria-hidden=\"true\" class=\"wp-block-spacer\"><\/div>\n\n<div class=\"wp-block-columns alignwide is-layout-flex wp-container-core-columns-is-layout-9d6595d7 wp-block-columns-is-layout-flex\">\n<div class=\"wp-block-column has-text-color has-background has-link-color wp-elements-caa7a5cf87b6f2e1d1086e36ca9521ba is-layout-flow wp-block-column-is-layout-flow\" style=\"color:#000000;background-color:#ffe97d;padding-top:2em;padding-right:2em;padding-bottom:2em;padding-left:2em\">\n<h2 class=\"wp-block-heading\" id=\"single\" style=\"font-size:40px\"><strong>Low season<\/strong><\/h2>\n\n\n\n<hr class=\"wp-block-separator has-text-color has-css-opacity has-background is-style-wide\" style=\"background-color:#000000;color:#000000\"\/>\n\n\n\n<p>from May 1st to December 14th<\/p>\n\n\n\n<div class=\"wp-block-buttons alignfull is-horizontal is-content-justification-center is-layout-flex wp-container-core-buttons-is-layout-499968f5 wp-block-buttons-is-layout-flex\">\n<div class=\"wp-block-button has-custom-width wp-block-button__width-100\"><a class=\"wp-block-button__link has-white-color has-text-color has-background no-border-radius wp-element-button\" href=\"https:\/\/lelitdoli.com\/en\/reservation\/\" style=\"background-color:#000000\">25 \u20ac\/night<\/a><\/div>\n<\/div>\n<\/div>\n\n\n\n<div class=\"wp-block-column has-text-color has-background has-link-color wp-elements-b3acf07d30444621ac6d5514b77364f5 is-layout-flow wp-block-column-is-layout-flow\" style=\"color:#000000;background-color:#c0ebf1;padding-top:2em;padding-right:2em;padding-bottom:2em;padding-left:2em\">\n<h2 class=\"wp-block-heading\" id=\"patron\" style=\"font-size:40px\"><strong>High season<\/strong><\/h2>\n\n\n\n<hr class=\"wp-block-separator has-css-opacity is-style-wide\"\/>\n\n\n\n<p>from December 15 to April 30<\/p>\n\n\n\n<div class=\"wp-block-buttons alignfull is-horizontal is-content-justification-center is-layout-flex wp-container-core-buttons-is-layout-499968f5 wp-block-buttons-is-layout-flex\">\n<div class=\"wp-block-button has-custom-width wp-block-button__width-100\"><a class=\"wp-block-button__link has-white-color has-text-color has-background no-border-radius wp-element-button\" href=\"https:\/\/lelitdoli.com\/en\/reservation\/\" style=\"background-color:#000000\">30 \u20ac\/night<\/a><\/div>\n<\/div>\n<\/div>\n<\/div>\n\n<div style=\"height:50px\" aria-hidden=\"true\" class=\"wp-block-spacer\"><\/div>\n\n<div class=\"wp-block-columns is-layout-flex wp-container-core-columns-is-layout-9d6595d7 wp-block-columns-is-layout-flex\">\n<div class=\"wp-block-column is-layout-flow wp-block-column-is-layout-flow\" style=\"flex-basis:100%\">\n<div class=\"wp-block-columns is-layout-flex wp-container-core-columns-is-layout-9d6595d7 wp-block-columns-is-layout-flex\">\n<div class=\"wp-block-column is-layout-flow wp-block-column-is-layout-flow\">\n<p>Guest room for one or two persons in Nogent (Sainte-Rose, Guadeloupe), facing the Caribbean Sea.<\/p>\n\n\n\n<p>A cozy bedroom, equipped with a double bed with mosquito net, a desk, a closet, and a corner terrace with a sofa, a coffee table and a hammock.<\/p>\n\n\n\n<p>The bathroom, kitchen and dining area are shared.<\/p>\n\n\n\n<p>Easy access to the sea and basic shops at 400 m (supermarket, fruit and vegetables, pharmacy, tobacco press&#8230;)<\/p>\n\n\n\n<div class=\"wp-block-buttons alignfull is-horizontal is-content-justification-center is-layout-flex wp-container-core-buttons-is-layout-499968f5 wp-block-buttons-is-layout-flex\">\n<div class=\"wp-block-button has-custom-width wp-block-button__width-100\"><a class=\"wp-block-button__link has-white-color has-text-color has-background wp-element-button\" href=\"#hbook-booking-form-1\" style=\"border-radius:0px;background-color:#007979\">Book <i class=\"fas fa-chevron-up\"><\/i><\/a><\/div>\n<\/div>\n<\/div>\n\n\n\n<div class=\"wp-block-column is-layout-flow wp-block-column-is-layout-flow\">\n<figure class=\"wp-block-image size-large\"><img loading=\"lazy\" decoding=\"async\" width=\"1024\" height=\"681\" src=\"https:\/\/lelitdoli.com\/wp-content\/uploads\/2019\/01\/details-chats-DSC_5046-large-1024x681.jpg\" alt=\"\" class=\"wp-image-507\" title=\"\" srcset=\"https:\/\/lelitdoli.com\/wp-content\/uploads\/2019\/01\/details-chats-DSC_5046-large-1024x681.jpg 1024w, https:\/\/lelitdoli.com\/wp-content\/uploads\/2019\/01\/details-chats-DSC_5046-large-600x399.jpg 600w, https:\/\/lelitdoli.com\/wp-content\/uploads\/2019\/01\/details-chats-DSC_5046-large-300x200.jpg 300w, https:\/\/lelitdoli.com\/wp-content\/uploads\/2019\/01\/details-chats-DSC_5046-large-768x511.jpg 768w, https:\/\/lelitdoli.com\/wp-content\/uploads\/2019\/01\/details-chats-DSC_5046-large-892x594.jpg 892w, https:\/\/lelitdoli.com\/wp-content\/uploads\/2019\/01\/details-chats-DSC_5046-large-150x100.jpg 150w\" sizes=\"auto, (max-width: 1024px) 100vw, 1024px\" \/><figcaption class=\"wp-element-caption\"><strong>There are several cats in the house. <strong>Allergic people: refrain!<\/strong><\/strong><\/figcaption><\/figure>\n<\/div>\n\n\n\n<div class=\"wp-block-column is-layout-flow wp-block-column-is-layout-flow\">\n<div class=\"wp-block-contact-form-7-contact-form-selector\">\n<div class=\"wpcf7 no-js\" id=\"wpcf7-f4143-o1\" lang=\"en-US\" dir=\"ltr\" data-wpcf7-id=\"4143\">\n<div class=\"screen-reader-response\"><p role=\"status\" aria-live=\"polite\" aria-atomic=\"true\"><\/p> <ul><\/ul><\/div>\n<form action=\"\/en\/wp-json\/wp\/v2\/pages\/4026#wpcf7-f4143-o1\" method=\"post\" class=\"wpcf7-form init\" aria-label=\"Contact form\" novalidate=\"novalidate\" data-status=\"init\">\n<fieldset class=\"hidden-fields-container\"><input type=\"hidden\" name=\"_wpcf7\" value=\"4143\" \/><input type=\"hidden\" name=\"_wpcf7_version\" value=\"6.1.5\" \/><input type=\"hidden\" name=\"_wpcf7_locale\" value=\"en_US\" \/><input type=\"hidden\" name=\"_wpcf7_unit_tag\" value=\"wpcf7-f4143-o1\" \/><input type=\"hidden\" name=\"_wpcf7_container_post\" value=\"0\" \/><input type=\"hidden\" name=\"_wpcf7_posted_data_hash\" value=\"\" \/>\n<\/fieldset>\n<div class=\"et_pb_contact\">\n\t<p><label><span class=\"wpcf7-form-control-wrap\" data-name=\"your-name\"><input size=\"40\" maxlength=\"400\" class=\"wpcf7-form-control wpcf7-text wpcf7-validates-as-required\" aria-required=\"true\" aria-invalid=\"false\" placeholder=\"Votre nom\" value=\"\" type=\"text\" name=\"your-name\" \/><\/span><\/label>\n\t<\/p>\n\t<p><label><span class=\"wpcf7-form-control-wrap\" data-name=\"your-email\"><input size=\"40\" maxlength=\"400\" class=\"wpcf7-form-control wpcf7-email wpcf7-validates-as-required wpcf7-text wpcf7-validates-as-email\" aria-required=\"true\" aria-invalid=\"false\" placeholder=\"Votre adresse e-mail\" value=\"\" type=\"email\" name=\"your-email\" \/><\/span><\/label>\n\t<\/p>\n\t<p><label><span class=\"wpcf7-form-control-wrap\" data-name=\"telephone\"><input size=\"40\" maxlength=\"400\" class=\"wpcf7-form-control wpcf7-tel wpcf7-text wpcf7-validates-as-tel\" aria-invalid=\"false\" placeholder=\"Num\u00e9ro de t\u00e9l\u00e9phone (facultatif)\" value=\"\" type=\"tel\" name=\"telephone\" \/><\/span><\/label>\n\t<\/p>\n\t<p><label><span class=\"wpcf7-form-control-wrap\" data-name=\"your-message\"><textarea cols=\"40\" rows=\"10\" maxlength=\"2000\" class=\"wpcf7-form-control wpcf7-textarea wpcf7-validates-as-required\" aria-required=\"true\" aria-invalid=\"false\" placeholder=\"Votre message\" name=\"your-message\"><\/textarea><\/span> <\/label>\n\t<\/p>\n\t<p><input class=\"wpcf7-form-control wpcf7-submit has-spinner\" type=\"submit\" value=\"Send\" \/>\n\t<\/p>\n<\/div><p style=\"display: none !important;\" class=\"akismet-fields-container\" data-prefix=\"_wpcf7_ak_\"><label>&#916;<textarea name=\"_wpcf7_ak_hp_textarea\" cols=\"45\" rows=\"8\" maxlength=\"100\"><\/textarea><\/label><input type=\"hidden\" id=\"ak_js_1\" name=\"_wpcf7_ak_js\" value=\"112\"\/><script>document.getElementById( \"ak_js_1\" ).setAttribute( \"value\", ( new Date() ).getTime() );<\/script><\/p><div class=\"wpcf7-response-output\" aria-hidden=\"true\"><\/div>\n<\/form>\n<\/div>\n<\/div>\n<\/div>\n<\/div>\n<\/div>\n<\/div>\n\n<figure class=\"wp-block-gallery alignfull has-nested-images columns-default is-cropped wp-block-gallery-1 is-layout-flex wp-block-gallery-is-layout-flex\">\n<figure class=\"wp-block-image size-large\"><img loading=\"lazy\" decoding=\"async\" width=\"2000\" height=\"1330\" data-id=\"12\" src=\"https:\/\/lelitdoli.com\/wp-content\/uploads\/2019\/01\/DSC_7395.jpg\" alt=\"\" class=\"wp-image-12\" title=\"\" srcset=\"https:\/\/lelitdoli.com\/wp-content\/uploads\/2019\/01\/DSC_7395.jpg 2000w, https:\/\/lelitdoli.com\/wp-content\/uploads\/2019\/01\/DSC_7395-600x399.jpg 600w, https:\/\/lelitdoli.com\/wp-content\/uploads\/2019\/01\/DSC_7395-300x200.jpg 300w, https:\/\/lelitdoli.com\/wp-content\/uploads\/2019\/01\/DSC_7395-768x511.jpg 768w, https:\/\/lelitdoli.com\/wp-content\/uploads\/2019\/01\/DSC_7395-1024x681.jpg 1024w, https:\/\/lelitdoli.com\/wp-content\/uploads\/2019\/01\/DSC_7395-1568x1043.jpg 1568w\" sizes=\"auto, (max-width: 2000px) 100vw, 2000px\" \/><figcaption class=\"wp-element-caption\">Bedroom with double bed, desk and closet<\/figcaption><\/figure>\n\n\n\n<figure class=\"wp-block-image size-large\"><img loading=\"lazy\" decoding=\"async\" width=\"2000\" height=\"1330\" data-id=\"13\" src=\"https:\/\/lelitdoli.com\/wp-content\/uploads\/2019\/01\/DSC_7396.jpg\" alt=\"guest room for 2 persons\" class=\"wp-image-13\" title=\"\" srcset=\"https:\/\/lelitdoli.com\/wp-content\/uploads\/2019\/01\/DSC_7396.jpg 2000w, https:\/\/lelitdoli.com\/wp-content\/uploads\/2019\/01\/DSC_7396-600x399.jpg 600w, https:\/\/lelitdoli.com\/wp-content\/uploads\/2019\/01\/DSC_7396-300x200.jpg 300w, https:\/\/lelitdoli.com\/wp-content\/uploads\/2019\/01\/DSC_7396-768x511.jpg 768w, https:\/\/lelitdoli.com\/wp-content\/uploads\/2019\/01\/DSC_7396-1024x681.jpg 1024w, https:\/\/lelitdoli.com\/wp-content\/uploads\/2019\/01\/DSC_7396-1568x1043.jpg 1568w\" sizes=\"auto, (max-width: 2000px) 100vw, 2000px\" \/><figcaption class=\"wp-element-caption\">Double queen size bed (190&#215;140) with mosquito net<\/figcaption><\/figure>\n\n\n\n<figure class=\"wp-block-image size-large\"><img loading=\"lazy\" decoding=\"async\" width=\"2000\" height=\"1330\" data-id=\"11\" src=\"https:\/\/lelitdoli.com\/wp-content\/uploads\/2019\/01\/DSC_7392.jpg\" alt=\"\" class=\"wp-image-11\" title=\"\" srcset=\"https:\/\/lelitdoli.com\/wp-content\/uploads\/2019\/01\/DSC_7392.jpg 2000w, https:\/\/lelitdoli.com\/wp-content\/uploads\/2019\/01\/DSC_7392-600x399.jpg 600w, https:\/\/lelitdoli.com\/wp-content\/uploads\/2019\/01\/DSC_7392-300x200.jpg 300w, https:\/\/lelitdoli.com\/wp-content\/uploads\/2019\/01\/DSC_7392-768x511.jpg 768w, https:\/\/lelitdoli.com\/wp-content\/uploads\/2019\/01\/DSC_7392-1024x681.jpg 1024w, https:\/\/lelitdoli.com\/wp-content\/uploads\/2019\/01\/DSC_7392-1568x1043.jpg 1568w\" sizes=\"auto, (max-width: 2000px) 100vw, 2000px\" \/><figcaption class=\"wp-element-caption\">Direct access to the terrace<\/figcaption><\/figure>\n\n\n\n<figure class=\"wp-block-image size-large\"><img loading=\"lazy\" decoding=\"async\" width=\"1200\" height=\"798\" data-id=\"19\" src=\"https:\/\/lelitdoli.com\/wp-content\/uploads\/2019\/01\/DSC_7375.jpg\" alt=\"Terrace, hammock, entrance to guest room\" class=\"wp-image-19\" title=\"\" srcset=\"https:\/\/lelitdoli.com\/wp-content\/uploads\/2019\/01\/DSC_7375.jpg 1200w, https:\/\/lelitdoli.com\/wp-content\/uploads\/2019\/01\/DSC_7375-600x399.jpg 600w, https:\/\/lelitdoli.com\/wp-content\/uploads\/2019\/01\/DSC_7375-300x200.jpg 300w, https:\/\/lelitdoli.com\/wp-content\/uploads\/2019\/01\/DSC_7375-768x511.jpg 768w, https:\/\/lelitdoli.com\/wp-content\/uploads\/2019\/01\/DSC_7375-1024x681.jpg 1024w\" sizes=\"auto, (max-width: 1200px) 100vw, 1200px\" \/><figcaption class=\"wp-element-caption\">Shared dining table on the terrace<\/figcaption><\/figure>\n\n\n\n<figure class=\"wp-block-image size-large\"><img loading=\"lazy\" decoding=\"async\" width=\"1200\" height=\"798\" data-id=\"20\" src=\"https:\/\/lelitdoli.com\/wp-content\/uploads\/2019\/01\/DSC_7379.jpg\" alt=\"\" class=\"wp-image-20\" title=\"\" srcset=\"https:\/\/lelitdoli.com\/wp-content\/uploads\/2019\/01\/DSC_7379.jpg 1200w, https:\/\/lelitdoli.com\/wp-content\/uploads\/2019\/01\/DSC_7379-600x399.jpg 600w, https:\/\/lelitdoli.com\/wp-content\/uploads\/2019\/01\/DSC_7379-300x200.jpg 300w, https:\/\/lelitdoli.com\/wp-content\/uploads\/2019\/01\/DSC_7379-768x511.jpg 768w, https:\/\/lelitdoli.com\/wp-content\/uploads\/2019\/01\/DSC_7379-1024x681.jpg 1024w\" sizes=\"auto, (max-width: 1200px) 100vw, 1200px\" \/><figcaption class=\"wp-element-caption\">Private terrace area with sofa, coffee table and hammock<\/figcaption><\/figure>\n\n\n\n<figure class=\"wp-block-image size-large\"><img loading=\"lazy\" decoding=\"async\" width=\"1200\" height=\"798\" data-id=\"25\" src=\"https:\/\/lelitdoli.com\/wp-content\/uploads\/2019\/01\/DSC_7391.jpg\" alt=\"\" class=\"wp-image-25\" title=\"\" srcset=\"https:\/\/lelitdoli.com\/wp-content\/uploads\/2019\/01\/DSC_7391.jpg 1200w, https:\/\/lelitdoli.com\/wp-content\/uploads\/2019\/01\/DSC_7391-600x399.jpg 600w, https:\/\/lelitdoli.com\/wp-content\/uploads\/2019\/01\/DSC_7391-300x200.jpg 300w, https:\/\/lelitdoli.com\/wp-content\/uploads\/2019\/01\/DSC_7391-768x511.jpg 768w, https:\/\/lelitdoli.com\/wp-content\/uploads\/2019\/01\/DSC_7391-1024x681.jpg 1024w\" sizes=\"auto, (max-width: 1200px) 100vw, 1200px\" \/><figcaption class=\"wp-element-caption\">Shared bathroom, large shower<\/figcaption><\/figure>\n\n\n\n<figure class=\"wp-block-image size-large\"><img loading=\"lazy\" decoding=\"async\" width=\"1200\" height=\"798\" data-id=\"24\" src=\"https:\/\/lelitdoli.com\/wp-content\/uploads\/2019\/01\/DSC_7389.jpg\" alt=\"\" class=\"wp-image-24\" title=\"\" srcset=\"https:\/\/lelitdoli.com\/wp-content\/uploads\/2019\/01\/DSC_7389.jpg 1200w, https:\/\/lelitdoli.com\/wp-content\/uploads\/2019\/01\/DSC_7389-600x399.jpg 600w, https:\/\/lelitdoli.com\/wp-content\/uploads\/2019\/01\/DSC_7389-300x200.jpg 300w, https:\/\/lelitdoli.com\/wp-content\/uploads\/2019\/01\/DSC_7389-768x511.jpg 768w, https:\/\/lelitdoli.com\/wp-content\/uploads\/2019\/01\/DSC_7389-1024x681.jpg 1024w\" sizes=\"auto, (max-width: 1200px) 100vw, 1200px\" \/><figcaption class=\"wp-element-caption\">Shared bathroom: washbasin and bidet<\/figcaption><\/figure>\n\n\n\n<figure class=\"wp-block-image size-large\"><img loading=\"lazy\" decoding=\"async\" width=\"1200\" height=\"798\" data-id=\"16\" src=\"https:\/\/lelitdoli.com\/wp-content\/uploads\/2019\/01\/DSC_7367.jpg\" alt=\"kitchen - Oli&#039;s bed\" class=\"wp-image-16\" title=\"\" srcset=\"https:\/\/lelitdoli.com\/wp-content\/uploads\/2019\/01\/DSC_7367.jpg 1200w, https:\/\/lelitdoli.com\/wp-content\/uploads\/2019\/01\/DSC_7367-600x399.jpg 600w, https:\/\/lelitdoli.com\/wp-content\/uploads\/2019\/01\/DSC_7367-300x200.jpg 300w, https:\/\/lelitdoli.com\/wp-content\/uploads\/2019\/01\/DSC_7367-768x511.jpg 768w, https:\/\/lelitdoli.com\/wp-content\/uploads\/2019\/01\/DSC_7367-1024x681.jpg 1024w\" sizes=\"auto, (max-width: 1200px) 100vw, 1200px\" \/><figcaption class=\"wp-element-caption\">Shared fully-equipped kitchen<\/figcaption><\/figure>\n\n\n\n<figure class=\"wp-block-image size-large\"><img loading=\"lazy\" decoding=\"async\" width=\"1200\" height=\"798\" data-id=\"23\" src=\"https:\/\/lelitdoli.com\/wp-content\/uploads\/2019\/01\/DSC_7385.jpg\" alt=\"\" class=\"wp-image-23\" title=\"\" srcset=\"https:\/\/lelitdoli.com\/wp-content\/uploads\/2019\/01\/DSC_7385.jpg 1200w, https:\/\/lelitdoli.com\/wp-content\/uploads\/2019\/01\/DSC_7385-600x399.jpg 600w, https:\/\/lelitdoli.com\/wp-content\/uploads\/2019\/01\/DSC_7385-300x200.jpg 300w, https:\/\/lelitdoli.com\/wp-content\/uploads\/2019\/01\/DSC_7385-768x511.jpg 768w, https:\/\/lelitdoli.com\/wp-content\/uploads\/2019\/01\/DSC_7385-1024x681.jpg 1024w\" sizes=\"auto, (max-width: 1200px) 100vw, 1200px\" \/><figcaption class=\"wp-element-caption\">Hammock available<\/figcaption><\/figure>\n<\/figure>\n\n<div style=\"height:50px\" aria-hidden=\"true\" class=\"wp-block-spacer\"><\/div>\n\n<hr class=\"wp-block-separator has-text-color has-vivid-green-cyan-color has-alpha-channel-opacity has-vivid-green-cyan-background-color has-background is-style-wide\"\/>\n\n<div style=\"height:50px\" aria-hidden=\"true\" class=\"wp-block-spacer\"><\/div>\n<ul class=\"wp-block-latest-posts__list has-dates wp-block-latest-posts\"><li><a class=\"wp-block-latest-posts__post-title\" href=\"https:\/\/lelitdoli.com\/en\/uncategorized\/the-season-is-open\/\">2021 season has begun<\/a><time datetime=\"2021-01-10T14:16:13-04:00\" class=\"wp-block-latest-posts__post-date\">10 January 2021<\/time><div class=\"wp-block-latest-posts__post-excerpt\">OK, it&#8217;s been almost a month, but I&#8217;m glad to see some vacationers again after this long period of isolation.<\/div><\/li>\n<li><div class=\"wp-block-latest-posts__featured-image alignright\"><img loading=\"lazy\" decoding=\"async\" width=\"300\" height=\"157\" src=\"https:\/\/lelitdoli.com\/wp-content\/uploads\/2021\/01\/on-na-pas-des-metiers-faciles-277-1-300x157.jpg\" class=\"attachment-medium size-medium wp-post-image\" alt=\"\" style=\"\" srcset=\"https:\/\/lelitdoli.com\/wp-content\/uploads\/2021\/01\/on-na-pas-des-metiers-faciles-277-1-300x157.jpg 300w, https:\/\/lelitdoli.com\/wp-content\/uploads\/2021\/01\/on-na-pas-des-metiers-faciles-277-1-600x315.jpg 600w, https:\/\/lelitdoli.com\/wp-content\/uploads\/2021\/01\/on-na-pas-des-metiers-faciles-277-1-1024x537.jpg 1024w, https:\/\/lelitdoli.com\/wp-content\/uploads\/2021\/01\/on-na-pas-des-metiers-faciles-277-1-768x403.jpg 768w, https:\/\/lelitdoli.com\/wp-content\/uploads\/2021\/01\/on-na-pas-des-metiers-faciles-277-1.jpg 1200w\" sizes=\"auto, (max-width: 300px) 100vw, 300px\" title=\"\"><\/div><a class=\"wp-block-latest-posts__post-title\" href=\"https:\/\/lelitdoli.com\/en\/uncategorized\/happy-new-year-in-the-tropics\/\">Happy New Year in the tropics<\/a><time datetime=\"2021-01-10T12:18:01-04:00\" class=\"wp-block-latest-posts__post-date\">10 January 2021<\/time><div class=\"wp-block-latest-posts__post-excerpt\">The season has started and the vacationers are coming and going. We take a few precautions and we are more careful than before, of course, but always in the joy and good mood to allow you to enjoy your well deserved vacations.<\/div><\/li>\n<\/ul>","protected":false},"excerpt":{"rendered":"<p>Low season from May 1st to December 14th High season from December 15 to April 30 Guest room for one or two persons in Nogent (Sainte-Rose, Guadeloupe), facing the Caribbean Sea. A cozy bedroom, equipped with a double bed with mosquito net, a desk, a closet, and a corner terrace with a sofa, a coffee <a href=\"https:\/\/lelitdoli.com\/en\/\" class=\"read-more below\">READ MORE<\/a><\/p>\n","protected":false},"author":1,"featured_media":3915,"parent":0,"menu_order":0,"comment_status":"closed","ping_status":"closed","template":"template-full-width.php","meta":{"footnotes":""},"class_list":["post-4026","page","type-page","status-publish","has-post-thumbnail","hentry"],"_links":{"self":[{"href":"https:\/\/lelitdoli.com\/en\/wp-json\/wp\/v2\/pages\/4026","targetHints":{"allow":["GET"]}}],"collection":[{"href":"https:\/\/lelitdoli.com\/en\/wp-json\/wp\/v2\/pages"}],"about":[{"href":"https:\/\/lelitdoli.com\/en\/wp-json\/wp\/v2\/types\/page"}],"author":[{"embeddable":true,"href":"https:\/\/lelitdoli.com\/en\/wp-json\/wp\/v2\/users\/1"}],"replies":[{"embeddable":true,"href":"https:\/\/lelitdoli.com\/en\/wp-json\/wp\/v2\/comments?post=4026"}],"version-history":[{"count":6,"href":"https:\/\/lelitdoli.com\/en\/wp-json\/wp\/v2\/pages\/4026\/revisions"}],"predecessor-version":[{"id":4227,"href":"https:\/\/lelitdoli.com\/en\/wp-json\/wp\/v2\/pages\/4026\/revisions\/4227"}],"wp:featuredmedia":[{"embeddable":true,"href":"https:\/\/lelitdoli.com\/en\/wp-json\/wp\/v2\/media\/3915"}],"wp:attachment":[{"href":"https:\/\/lelitdoli.com\/en\/wp-json\/wp\/v2\/media?parent=4026"}],"curies":[{"name":"wp","href":"https:\/\/api.w.org\/{rel}","templated":true}]}}